{"id":333,"date":"2024-10-15T12:24:01","date_gmt":"2024-10-15T09:24:01","guid":{"rendered":"https:\/\/bahcivan1.parssoft.com.tr\/?page_id=333"},"modified":"2025-07-07T18:32:12","modified_gmt":"2025-07-07T15:32:12","slug":"flavor-production","status":"publish","type":"page","link":"https:\/\/bahcivanpeynir.com\/en\/flavor-production\/","title":{"rendered":"Flavor Production"},"content":{"rendered":"\n<p>In the immediate vicinity of our cheese production facility in L\u00fcleburgaz, we have farmers who provide us with the most delicious milk. We support them with trainings and work with them for better milk.<\/p>\n\n\n\n<p>We support dairy farming to improve the quality and efficiency of milk and contribute to the development of farms with a special premium system. With our special training program for dairy farms, we aim to increase milk productivity and quality across the country. With our trainings, we provide information on increasing the microbiological quality of milk, proper use and cleaning of milking equipment, composition of milk and quality milk criteria, and cleaning of storage and transfer equipment.<\/p>\n\n\n\n<p>We conduct chemical and microbiological analyzes of the milk we supply. Then we cool and pasteurize it in a short time.<\/p>\n\n\n\n<div class=\"wp-block-media-text has-media-on-the-right is-stacked-on-mobile\" style=\"grid-template-columns:auto 41%\"><div class=\"wp-block-media-text__content\">\n<p><strong>This Taste Comes from Thrace<\/strong><\/p>\n\n\n\n<p>We have a large facility in L\u00fcleburgaz, consisting of 67,000 m2 of open and 14,000 m2 of closed area, where approximately 300 people work. As Bah\u00e7\u0131van Peynir, which produces all kinds of cheese, from sliced feta cheese to cottage cheese, from butter to labneh, from cream cheese to cheddar cheese; we bring together many of our delicious, high quality and nutritious products with cheese lovers in the nature of Thrace.<\/p>\n<\/div><figure class=\"wp-block-media-text__media\"><img loading=\"lazy\" decoding=\"async\" width=\"589\" height=\"604\" src=\"https:\/\/bahcivan1.parssoft.com.tr\/wp-content\/uploads\/2024\/10\/Bu-tat-Trakyadan-geliyor.webp\" alt=\"\" class=\"wp-image-334 size-full\" srcset=\"https:\/\/bahcivanpeynir.com\/en\/wp-content\/uploads\/2024\/10\/Bu-tat-Trakyadan-geliyor.webp 589w, https:\/\/bahcivanpeynir.com\/en\/wp-content\/uploads\/2024\/10\/Bu-tat-Trakyadan-geliyor-293x300.webp 293w\" sizes=\"auto, (max-width: 589px) 100vw, 589px\" \/><\/figure><\/div>\n\n\n\n<div class=\"wp-block-media-text is-stacked-on-mobile\" style=\"grid-template-columns:42% auto\"><figure class=\"wp-block-media-text__media\"><img loading=\"lazy\" decoding=\"async\" width=\"591\" height=\"604\" src=\"https:\/\/bahcivan1.parssoft.com.tr\/wp-content\/uploads\/2024\/10\/Bu-teknoloji-de.webp\" alt=\"\" class=\"wp-image-335 size-full\" srcset=\"https:\/\/bahcivanpeynir.com\/en\/wp-content\/uploads\/2024\/10\/Bu-teknoloji-de.webp 591w, https:\/\/bahcivanpeynir.com\/en\/wp-content\/uploads\/2024\/10\/Bu-teknoloji-de-294x300.webp 294w\" sizes=\"auto, (max-width: 591px) 100vw, 591px\" \/><\/figure><div class=\"wp-block-media-text__content\">\n<p><strong>Sustainable Production Technology<\/strong><\/p>\n\n\n\n<p>After all, we produce the basic food source. For this reason, we work with the BRCGS management system, which is accepted all over the world to ensure the safety of food, and we carry out HACCP practices in which we analyze the dangers that may arise in our products in advance.<\/p>\n\n\n\n<p>We designed the production hall and equipment in our factory in accordance with Good Manufacturing Practice (GMP) rules, using easy-to-clean stainless steel, durable floors and hygienic drainage systems. We have improved our cheese range by following the latest technology in cheese production techniques as well as hygiene. We continue to improve our product range by using ultrafiltration, nanofiltration and microfiltration technologies.<\/p>\n\n\n\n<p>We use our energy and resources efficiently and export our products to 4 continents worldwide with sustainable production technology.<\/p>\n<\/div><\/div>\n\n\n\n<div class=\"wp-block-media-text has-media-on-the-right is-stacked-on-mobile\" style=\"grid-template-columns:auto 42%\"><div class=\"wp-block-media-text__content\">\n<p><strong>We Research, We Develop<\/strong><\/p>\n\n\n\n<p>In 2017, we started work on establishing an R&amp;D center for cheese production at our facility in L\u00fcleburgaz. We conduct innovative research on milk, cheese and cheese products at our R&amp;D center, which became operational with the approval of the Ministry in 2018. We continuously measure the quality of our products with our sensory, physical, chemical, instrumental and microbiological laboratories.<\/p>\n<\/div><figure class=\"wp-block-media-text__media\"><img loading=\"lazy\" decoding=\"async\" width=\"591\" height=\"604\" src=\"https:\/\/bahcivan1.parssoft.com.tr\/wp-content\/uploads\/2024\/10\/Arastiriyoruz-gelistiriyoruz.webp\" alt=\"\" class=\"wp-image-336 size-full\" srcset=\"https:\/\/bahcivanpeynir.com\/en\/wp-content\/uploads\/2024\/10\/Arastiriyoruz-gelistiriyoruz.webp 591w, https:\/\/bahcivanpeynir.com\/en\/wp-content\/uploads\/2024\/10\/Arastiriyoruz-gelistiriyoruz-294x300.webp 294w\" sizes=\"auto, (max-width: 591px) 100vw, 591px\" \/><\/figure><\/div>\n\n\n\n<figure class=\"wp-block-image size-full\"><img loading=\"lazy\" decoding=\"async\" width=\"159\" height=\"126\" src=\"https:\/\/bahcivanpeynir.com\/en\/wp-content\/uploads\/2025\/07\/bahcivan-rd-center.png\" alt=\"\" class=\"wp-image-2273\"\/><\/figure>\n","protected":false},"excerpt":{"rendered":"<p>In the immediate vicinity of our cheese production facility in L\u00fcleburgaz, we have farmers who provide us with the most delicious milk. We support them with trainings and work with them for better milk. We support dairy farming to improve the quality and efficiency of milk and contribute to the development of farms with a [&hellip;]<\/p>\n","protected":false},"author":1,"featured_media":0,"parent":0,"menu_order":0,"comment_status":"closed","ping_status":"closed","template":"","meta":{"_acf_changed":false,"footnotes":""},"class_list":["post-333","page","type-page","status-publish","hentry"],"acf":[],"_links":{"self":[{"href":"https:\/\/bahcivanpeynir.com\/en\/wp-json\/wp\/v2\/pages\/333","targetHints":{"allow":["GET"]}}],"collection":[{"href":"https:\/\/bahcivanpeynir.com\/en\/wp-json\/wp\/v2\/pages"}],"about":[{"href":"https:\/\/bahcivanpeynir.com\/en\/wp-json\/wp\/v2\/types\/page"}],"author":[{"embeddable":true,"href":"https:\/\/bahcivanpeynir.com\/en\/wp-json\/wp\/v2\/users\/1"}],"replies":[{"embeddable":true,"href":"https:\/\/bahcivanpeynir.com\/en\/wp-json\/wp\/v2\/comments?post=333"}],"version-history":[{"count":11,"href":"https:\/\/bahcivanpeynir.com\/en\/wp-json\/wp\/v2\/pages\/333\/revisions"}],"predecessor-version":[{"id":2274,"href":"https:\/\/bahcivanpeynir.com\/en\/wp-json\/wp\/v2\/pages\/333\/revisions\/2274"}],"wp:attachment":[{"href":"https:\/\/bahcivanpeynir.com\/en\/wp-json\/wp\/v2\/media?parent=333"}],"curies":[{"name":"wp","href":"https:\/\/api.w.org\/{rel}","templated":true}]}}