{"id":171,"date":"2024-07-20T13:21:17","date_gmt":"2024-07-20T10:21:17","guid":{"rendered":"https:\/\/bahcivan1.parssoft.com.tr\/?page_id=171"},"modified":"2025-06-17T17:04:17","modified_gmt":"2025-06-17T14:04:17","slug":"human-resources","status":"publish","type":"page","link":"https:\/\/bahcivanpeynir.com\/en\/human-resources\/","title":{"rendered":"Human Resources"},"content":{"rendered":"\n<h2 class=\"wp-block-heading\"><strong>Our Human Resources Policy<\/strong><\/h2>\n\n\n\n<p><strong>Career at Bah\u00e7\u0131van G\u0131da: Producing the Future Together<\/strong><\/p>\n\n\n\n<p>At Bah\u00e7\u0131van G\u0131da, which focuses on flavor and quality, we seek success not only in products but also in human resources. Because we know that what makes a brand strong is visionary leaders, talented professionals and passionate teams. We don&#8217;t just produce here; we learn together, develop together and march into the future together.<\/p>\n\n\n\n<p>People are at the center of our culture. We value each individual&#8217;s opinion and we learn and develop together. Here, not just a job awaits you, but a career that will grow with you.<\/p>\n\n\n\n<div class=\"wp-block-media-text has-media-on-the-right is-stacked-on-mobile\" style=\"grid-template-columns:auto 25%\"><div class=\"wp-block-media-text__content\">\n<p><strong>What do we aim for with our HR Policies?<\/strong><\/p>\n\n\n\n<div class=\"\" data-col=\"2\"><ul class=\"wp-block-list\">\n<li><strong>Respect &amp; Honor:<\/strong> Every employee is given the feeling of being proud of their work and being a respected individual.<\/li>\n<\/ul><\/div>\n\n\n\n<div class=\"\" data-col=\"2\"><ul class=\"wp-block-list\">\n<li><strong>Equality &amp; Justice: <\/strong>Equal opportunities are provided to everyone without discrimination based on religion, language, gender, age or race.<\/li>\n<\/ul><\/div>\n\n\n\n<div class=\"\" data-col=\"2\"><ul class=\"wp-block-list\">\n<li><strong>Development &amp; Training: <\/strong>Development areas of each employee are identified and supported through training and development activities.<\/li>\n<\/ul><\/div>\n\n\n\n<div class=\"\" data-col=\"2\"><ul class=\"wp-block-list\">\n<li><strong>Openness &amp; Participation:<\/strong> Information sharing, joint decision-making culture and suggestion\/criticism platforms are encouraged.<\/li>\n<\/ul><\/div>\n<\/div><figure class=\"wp-block-media-text__media\"><img loading=\"lazy\" decoding=\"async\" width=\"600\" height=\"604\" src=\"https:\/\/bahcivanpeynir.com\/en\/wp-content\/uploads\/2025\/06\/Bahcivan-IK-Web-Gorsel-1.webp\" alt=\"\" class=\"wp-image-2260 size-full\" srcset=\"https:\/\/bahcivanpeynir.com\/en\/wp-content\/uploads\/2025\/06\/Bahcivan-IK-Web-Gorsel-1.webp 600w, https:\/\/bahcivanpeynir.com\/en\/wp-content\/uploads\/2025\/06\/Bahcivan-IK-Web-Gorsel-1-298x300.webp 298w, https:\/\/bahcivanpeynir.com\/en\/wp-content\/uploads\/2025\/06\/Bahcivan-IK-Web-Gorsel-1-150x150.webp 150w\" sizes=\"auto, (max-width: 600px) 100vw, 600px\" \/><\/figure><\/div>\n\n\n\n<p><strong>Working at Bah\u00e7\u0131van G\u0131da<\/strong><\/p>\n\n\n\n<p>Working at Bah\u00e7\u0131van G\u0131da means not only having a job, but also investing in the future. We are a community that embraces team spirit and achieves success together.<\/p>\n\n\n\n<p><strong>Privileges Waiting for You at Bah\u00e7\u0131van G\u0131da<\/strong><\/p>\n\n\n\n<p>\u2714<strong> 100% Domestic and Strong Brand:<\/strong> A structure that grows in the global market with its products spread all over Turkey and export power<br>\u2714<strong> An Innovative and Established Company:<\/strong> A business environment that combines tradition and modernity<br>\u2714 <strong>Continuous Training and Career Development: <\/strong>Training and development opportunities that will shape your career<br>\u2714 <strong>Contribution to Society through Social Responsibility Projects: <\/strong>A sense of responsibility that creates long-term social value in the fields of education, environment and volunteering<br>\u2714 <strong>A Strong Team Spirit: <\/strong>A working environment where solidarity and team spirit are at the forefront<br>\u2714 <strong>Social Benefits and Supportive Policies:<\/strong> Various fringe benefits that prioritize employee satisfaction<br>\u2714 <strong>Continuous Innovation and Quality: <\/strong>Opportunity to develop yourself through R&amp;D and innovative projects<\/p>\n\n\n\n<div class=\"wp-block-media-text is-stacked-on-mobile\" style=\"grid-template-columns:25% auto\"><figure class=\"wp-block-media-text__media\"><img loading=\"lazy\" decoding=\"async\" width=\"600\" height=\"604\" src=\"https:\/\/bahcivanpeynir.com\/en\/wp-content\/uploads\/2025\/06\/Bahcivan-IK-Web-Gorsel-2.webp\" alt=\"\" class=\"wp-image-2259 size-full\" srcset=\"https:\/\/bahcivanpeynir.com\/en\/wp-content\/uploads\/2025\/06\/Bahcivan-IK-Web-Gorsel-2.webp 600w, https:\/\/bahcivanpeynir.com\/en\/wp-content\/uploads\/2025\/06\/Bahcivan-IK-Web-Gorsel-2-298x300.webp 298w, https:\/\/bahcivanpeynir.com\/en\/wp-content\/uploads\/2025\/06\/Bahcivan-IK-Web-Gorsel-2-150x150.webp 150w\" sizes=\"auto, (max-width: 600px) 100vw, 600px\" \/><\/figure><div class=\"wp-block-media-text__content\">\n<p><strong>Internship &amp; New Graduate Programs<\/strong><\/p>\n\n\n\n<p>We offer <a href=\"https:\/\/burs.isov.org.tr\" target=\"_blank\" rel=\"noopener\">internship and new graduate programs<\/a> for young talents to start their careers at Bah\u00e7\u0131van G\u0131da. Great opportunities await you for those who want to make a difference in the sector by gaining real work experience!<\/p>\n\n\n\n<p><strong>Steer Your Career<\/strong><br>Visit our <a href=\"#\">open positions<\/a> page to discover the opportunities that suit you and <a href=\"http:\/\/linkedin.com\/company\/bahcivangida\/\" target=\"_blank\" rel=\"noopener\">take the first step towards joining Bah\u00e7\u0131van G\u0131da!<\/a><\/p>\n<\/div><\/div>\n","protected":false},"excerpt":{"rendered":"<p>Our Human Resources Policy Career at Bah\u00e7\u0131van G\u0131da: Producing the Future Together At Bah\u00e7\u0131van G\u0131da, which focuses on flavor and quality, we seek success not only in products but also in human resources. Because we know that what makes a brand strong is visionary leaders, talented professionals and passionate teams. We don&#8217;t just produce here; [&hellip;]<\/p>\n","protected":false},"author":1,"featured_media":0,"parent":0,"menu_order":0,"comment_status":"closed","ping_status":"closed","template":"","meta":{"_acf_changed":false,"footnotes":""},"class_list":["post-171","page","type-page","status-publish","hentry"],"acf":[],"_links":{"self":[{"href":"https:\/\/bahcivanpeynir.com\/en\/wp-json\/wp\/v2\/pages\/171","targetHints":{"allow":["GET"]}}],"collection":[{"href":"https:\/\/bahcivanpeynir.com\/en\/wp-json\/wp\/v2\/pages"}],"about":[{"href":"https:\/\/bahcivanpeynir.com\/en\/wp-json\/wp\/v2\/types\/page"}],"author":[{"embeddable":true,"href":"https:\/\/bahcivanpeynir.com\/en\/wp-json\/wp\/v2\/users\/1"}],"replies":[{"embeddable":true,"href":"https:\/\/bahcivanpeynir.com\/en\/wp-json\/wp\/v2\/comments?post=171"}],"version-history":[{"count":23,"href":"https:\/\/bahcivanpeynir.com\/en\/wp-json\/wp\/v2\/pages\/171\/revisions"}],"predecessor-version":[{"id":2265,"href":"https:\/\/bahcivanpeynir.com\/en\/wp-json\/wp\/v2\/pages\/171\/revisions\/2265"}],"wp:attachment":[{"href":"https:\/\/bahcivanpeynir.com\/en\/wp-json\/wp\/v2\/media?parent=171"}],"curies":[{"name":"wp","href":"https:\/\/api.w.org\/{rel}","templated":true}]}}